{"id":1205,"date":"2010-06-05T21:46:04","date_gmt":"2010-06-05T19:46:04","guid":{"rendered":"http:\/\/www.f-sim.de\/?page_id=1205"},"modified":"2022-01-26T22:03:03","modified_gmt":"2022-01-26T21:03:03","slug":"downloads-new","status":"publish","type":"page","link":"https:\/\/www.f-sim.de\/?page_id=1205","title":{"rendered":"Downloads"},"content":{"rendered":"<p>Sie finden hier eine Sammlung von interessanten Beitr\u00e4gen und Fachartikeln zu Fire Dynamics Simulator, Smokeview und weiteren Programmen im Bereich der Simulation von Br\u00e4nden und Personenstr\u00f6men.<\/p>\n<p><strong>FDS-Usergroup<\/strong><br \/>\n<ul class=\"dlm-downloads\"><li><a  data-e-Disable-Page-Transition=\"true\" class=\"download-link filetype-icon filetype-pdf\" title=\"\" href=\"https:\/\/www.f-sim.de?download=5739&amp;tmstv=1775643391\" rel=\"nofollow\" id=\"download-link-5739\" data-redirect=\"false\" >\n\tFDS_UG_1Band.pdf\t(11298 Downloads\t)\n<\/a>\n<\/li><li><a  data-e-Disable-Page-Transition=\"true\" class=\"download-link filetype-icon filetype-pdf\" title=\"\" href=\"https:\/\/www.f-sim.de?download=5737&amp;tmstv=1775643391\" rel=\"nofollow\" id=\"download-link-5737\" data-redirect=\"false\" >\n\tFDS_UG_2Band.pdf\t(8921 Downloads\t)\n<\/a>\n<\/li><li><a  data-e-Disable-Page-Transition=\"true\" class=\"download-link filetype-icon filetype-pdf\" title=\"\" href=\"https:\/\/www.f-sim.de?download=5735&amp;tmstv=1775643391\" rel=\"nofollow\" id=\"download-link-5735\" data-redirect=\"false\" >\n\tFDS_UG_3Band.pdf\t(8363 Downloads\t)\n<\/a>\n<\/li><li><a  data-e-Disable-Page-Transition=\"true\" class=\"download-link filetype-icon filetype-pdf\" title=\"\" href=\"https:\/\/www.f-sim.de?download=5732&amp;tmstv=1775643391\" rel=\"nofollow\" id=\"download-link-5732\" data-redirect=\"false\" >\n\tFDS_UG_4Band.pdf\t(7656 Downloads\t)\n<\/a>\n<\/li><li><a  data-e-Disable-Page-Transition=\"true\" class=\"download-link filetype-icon filetype-pdf\" title=\"\" href=\"https:\/\/www.f-sim.de?download=5730&amp;tmstv=1775643391\" rel=\"nofollow\" id=\"download-link-5730\" data-redirect=\"false\" >\n\tFDS_UG_5Band.pdf\t(8490 Downloads\t)\n<\/a>\n<\/li><li><a  data-e-Disable-Page-Transition=\"true\" class=\"download-link filetype-icon filetype-pdf\" title=\"\" href=\"https:\/\/www.f-sim.de?download=5728&amp;tmstv=1775643391\" rel=\"nofollow\" id=\"download-link-5728\" data-redirect=\"false\" >\n\tFDS_UG_6Band.pdf\t(8298 Downloads\t)\n<\/a>\n<\/li><li><a  data-e-Disable-Page-Transition=\"true\" class=\"download-link filetype-icon filetype-pdf\" title=\"\" href=\"https:\/\/www.f-sim.de?download=5723&amp;tmstv=1775643391\" rel=\"nofollow\" id=\"download-link-5723\" data-redirect=\"false\" >\n\tFDS_UG_7Band.pdf\t(9024 Downloads\t)\n<\/a>\n<\/li><li><a  data-e-Disable-Page-Transition=\"true\" class=\"download-link filetype-icon filetype-pdf\" title=\"\" href=\"https:\/\/www.f-sim.de?download=5701&amp;tmstv=1775643391\" rel=\"nofollow\" id=\"download-link-5701\" data-redirect=\"false\" >\n\tFDS_UG_8Band.pdf\t(8343 Downloads\t)\n<\/a>\n<\/li><li><a  data-e-Disable-Page-Transition=\"true\" class=\"download-link filetype-icon filetype-pdf\" title=\"\" href=\"https:\/\/www.f-sim.de?download=5976&amp;tmstv=1775643391\" rel=\"nofollow\" id=\"download-link-5976\" data-redirect=\"false\" >\n\tFDS_UG_9Band.pdf\t(10714 Downloads\t)\n<\/a>\n<\/li><li><a  data-e-Disable-Page-Transition=\"true\" class=\"download-link filetype-icon filetype-pdf\" title=\"\" href=\"https:\/\/www.f-sim.de?download=6277&amp;tmstv=1775643391\" rel=\"nofollow\" id=\"download-link-6277\" data-redirect=\"false\" >\n\tFDS_UG_10Band.pdf\t(7592 Downloads\t)\n<\/a>\n<\/li><li><a  data-e-Disable-Page-Transition=\"true\" class=\"download-link filetype-icon filetype-pdf\" title=\"\" href=\"https:\/\/www.f-sim.de?download=6651&amp;tmstv=1775643391\" rel=\"nofollow\" id=\"download-link-6651\" data-redirect=\"false\" >\n\tFDS_UG_11Band.pdf\t(7454 Downloads\t)\n<\/a>\n<\/li><li><a  data-e-Disable-Page-Transition=\"true\" class=\"download-link filetype-icon filetype-pdf\" title=\"\" href=\"https:\/\/www.f-sim.de?download=6994&amp;tmstv=1775643391\" rel=\"nofollow\" id=\"download-link-6994\" data-redirect=\"false\" >\n\tFDS_UG_12Band.pdf\t(5762 Downloads\t)\n<\/a>\n<\/li><li><a  data-e-Disable-Page-Transition=\"true\" class=\"download-link filetype-icon filetype-pdf\" title=\"\" href=\"https:\/\/www.f-sim.de?download=7054&amp;tmstv=1775643391\" rel=\"nofollow\" id=\"download-link-7054\" data-redirect=\"false\" >\n\tFDS_UG_13Band.pdf\t(6871 Downloads\t)\n<\/a>\n<\/li><li><a  data-e-Disable-Page-Transition=\"true\" class=\"download-link filetype-icon filetype-pdf\" title=\"\" href=\"https:\/\/www.f-sim.de?download=7415&amp;tmstv=1775643391\" rel=\"nofollow\" id=\"download-link-7415\" data-redirect=\"false\" >\n\tFDS_UG_14Band.pdf\t(6270 Downloads\t)\n<\/a>\n<\/li><li><a  data-e-Disable-Page-Transition=\"true\" class=\"download-link filetype-icon filetype-pdf\" title=\"Version\u00a02\" href=\"https:\/\/www.f-sim.de?download=7595&amp;tmstv=1775643391\" rel=\"nofollow\" id=\"download-link-7595\" data-redirect=\"false\" >\n\tFDS_UG_15Band.pdf\t(5519 Downloads\t)\n<\/a>\n<\/li><li><a  data-e-Disable-Page-Transition=\"true\" class=\"download-link filetype-icon filetype-pdf\" title=\"\" href=\"https:\/\/www.f-sim.de?download=7788&amp;tmstv=1775643391\" rel=\"nofollow\" id=\"download-link-7788\" data-redirect=\"false\" >\n\tFDS_UG_16Band.pdf\t(4917 Downloads\t)\n<\/a>\n<\/li><li><a  data-e-Disable-Page-Transition=\"true\" class=\"download-link filetype-icon filetype-pdf\" title=\"\" href=\"https:\/\/www.f-sim.de?download=7790&amp;tmstv=1775643391\" rel=\"nofollow\" id=\"download-link-7790\" data-redirect=\"false\" >\n\tFDS_UG_17Band.pdf\t(5337 Downloads\t)\n<\/a>\n<\/li><li><a  data-e-Disable-Page-Transition=\"true\" class=\"download-link filetype-icon filetype-pdf\" title=\"\" href=\"https:\/\/www.f-sim.de?download=7802&amp;tmstv=1775643391\" rel=\"nofollow\" id=\"download-link-7802\" data-redirect=\"false\" >\n\tFDS_UG_18Band.pdf\t(4375 Downloads\t)\n<\/a>\n<\/li><li><a  data-e-Disable-Page-Transition=\"true\" class=\"download-link filetype-icon filetype-pdf\" title=\"\" href=\"https:\/\/www.f-sim.de?download=7950&amp;tmstv=1775643391\" rel=\"nofollow\" id=\"download-link-7950\" data-redirect=\"false\" >\n\tFDS_UG_Band_019.pdf\t(1309 Downloads\t)\n<\/a>\n<\/li><\/ul>\n\t\t\t\t<\/p>\n","protected":false},"excerpt":{"rendered":"<p>Sie finden hier eine Sammlung von interessanten Beitr\u00e4gen und Fachartikeln zu Fire Dynamics Simulator, Smokeview und weiteren Programmen im Bereich der Simulation von Br\u00e4nden und Personenstr\u00f6men. FDS-Usergroup<\/p>\n","protected":false},"author":2,"featured_media":0,"parent":0,"menu_order":4,"comment_status":"closed","ping_status":"closed","template":"","meta":{"footnotes":""},"class_list":["post-1205","page","type-page","status-publish","hentry"],"_links":{"self":[{"href":"https:\/\/www.f-sim.de\/index.php?rest_route=\/wp\/v2\/pages\/1205","targetHints":{"allow":["GET"]}}],"collection":[{"href":"https:\/\/www.f-sim.de\/index.php?rest_route=\/wp\/v2\/pages"}],"about":[{"href":"https:\/\/www.f-sim.de\/index.php?rest_route=\/wp\/v2\/types\/page"}],"author":[{"embeddable":true,"href":"https:\/\/www.f-sim.de\/index.php?rest_route=\/wp\/v2\/users\/2"}],"replies":[{"embeddable":true,"href":"https:\/\/www.f-sim.de\/index.php?rest_route=%2Fwp%2Fv2%2Fcomments&post=1205"}],"version-history":[{"count":42,"href":"https:\/\/www.f-sim.de\/index.php?rest_route=\/wp\/v2\/pages\/1205\/revisions"}],"predecessor-version":[{"id":7409,"href":"https:\/\/www.f-sim.de\/index.php?rest_route=\/wp\/v2\/pages\/1205\/revisions\/7409"}],"wp:attachment":[{"href":"https:\/\/www.f-sim.de\/index.php?rest_route=%2Fwp%2Fv2%2Fmedia&parent=1205"}],"curies":[{"name":"wp","href":"https:\/\/api.w.org\/{rel}","templated":true}]}}