{"id":2,"date":"2009-09-07T20:30:02","date_gmt":"2009-09-07T18:30:02","guid":{"rendered":"http:\/\/www.f-sim.de\/?page_id=2"},"modified":"2025-10-25T21:51:44","modified_gmt":"2025-10-25T19:51:44","slug":"eine-seite","status":"publish","type":"page","link":"https:\/\/www.f-sim.de\/?page_id=2","title":{"rendered":"Kontakt\/Impressum"},"content":{"rendered":"<p><strong>Kontakt<\/strong><\/p>\n<p>E-Mail: <a href=\"mailto:info@F-Sim.de\">Info@F-Sim.de<\/a><\/p>\n<p><strong>Impressum<\/strong><\/p>\n<table border=\"0\" width=\"295\">\n<tbody>\n<tr>\n<td>Boris Stock<br \/>\nAn der Vogelrute 1b<br \/>\n50374 Erftstadt<br \/>\n<a href=\"mailto:Boris.Stock@F-Sim.de\">Boris.Stock@F-Sim.de<\/a><\/td>\n<td><a href=\"http:\/\/www.xing.com\/profile\/Boris_Stock3\" target=\"_blank\" rel=\"me noopener\"><img loading=\"lazy\" decoding=\"async\" src=\"http:\/\/www.xing.com\/img\/buttons\/1_de_btn.gif\" alt=\"Boris Stock\" width=\"85\" height=\"23\" \/><\/a><\/td>\n<\/tr>\n<tr>\n<td>OpenPGP: <a title=\"Public Key Stock\" href=\"https:\/\/www.f-sim.de\/OpenPGP-keys\/public-key_Stock.asc\">Public-Key<\/a><\/p>\n<p>CHECKSUM: siehe QR Code<\/td>\n<td><img loading=\"lazy\" decoding=\"async\" src=\"https:\/\/www.f-sim.de\/OpenPGP-keys\/qrcode_Public-Key_Stock_CHECKSUM.png\" alt=\"CHECKSUM Boris Stock\" width=\"125\" height=\"125\" \/><\/td>\n<\/tr>\n<tr>\n<td colspan=\"2\"><\/td>\n<\/tr>\n<tr>\n<td>Karl Wallasch<br \/>\n3 The Square<br \/>\nRichmond<br \/>\nTW9 1DY<br \/>\n<a href=\"mailto:Karl.Wallasch@F-Sim.de\">Karl.Wallasch@F-Sim.de<\/a><\/td>\n<td><a href=\"http:\/\/www.xing.com\/profile\/Karl_Wallasch\" target=\"_blank\" rel=\"me noopener\"><img loading=\"lazy\" decoding=\"async\" src=\"http:\/\/www.xing.com\/img\/buttons\/1_de_btn.gif\" alt=\"Karl Wallasch\" width=\"85\" height=\"23\" \/><\/a><\/td>\n<\/tr>\n<tr>\n<td colspan=\"2\"><\/td>\n<\/tr>\n<tr>\n<td>Gregor J\u00e4ger<br \/>\nRodeneck-Platz 16<br \/>\n55126 Mainz<br \/>\n<a href=\"mailto:Gregor.Jaeger@F-Sim.de\">Gregor.Jaeger@F-Sim.de<\/a><\/td>\n<td><\/td>\n<\/tr>\n<tr>\n<td>OpenPGP: <a title=\"Public Key Stock\" href=\"https:\/\/www.f-sim.de\/OpenPGP-keys\/public-key_Jaeger.asc\">Public-Key<\/a><\/p>\n<p>CHECKSUM: siehe QR Code<\/td>\n<td><img loading=\"lazy\" decoding=\"async\" src=\"https:\/\/www.f-sim.de\/OpenPGP-keys\/qrcode_Public-Key_Jaeger_CHECKSUM.png\" alt=\"CHECKSUM Gregor J\u00e4ger\" width=\"125\" height=\"125\" \/><\/td>\n<\/tr>\n<\/tbody>\n<\/table>\n<p>Die Betreiber erkl\u00e4ren, dass sie keinerlei Einfluss auf die Gestaltung und Inhalte der gelinkten Seiten besitzen. Deshalb distanzieren sie sich hiermit ausdr\u00fccklich von allen Inhalten aller gelinkten Seiten auf der Homepage mit all ihren Unterseiten. Diese Erkl\u00e4rung gilt f\u00fcr alle Textlinks und alle Bannerlinks auf dieser und den nachfolgenden Seiten.<\/p>\n","protected":false},"excerpt":{"rendered":"<p>Kontakt E-Mail: Info@F-Sim.de Impressum Boris Stock An der Vogelrute 1b 50374 Erftstadt Boris.Stock@F-Sim.de OpenPGP: Public-Key CHECKSUM: siehe QR Code Karl Wallasch 3 The Square Richmond TW9 1DY Karl.Wallasch@F-Sim.de Gregor J\u00e4ger Rodeneck-Platz 16 55126 Mainz Gregor.Jaeger@F-Sim.de<\/p>\n","protected":false},"author":2,"featured_media":0,"parent":0,"menu_order":8,"comment_status":"closed","ping_status":"closed","template":"","meta":{"footnotes":""},"class_list":["post-2","page","type-page","status-publish","hentry"],"_links":{"self":[{"href":"https:\/\/www.f-sim.de\/index.php?rest_route=\/wp\/v2\/pages\/2","targetHints":{"allow":["GET"]}}],"collection":[{"href":"https:\/\/www.f-sim.de\/index.php?rest_route=\/wp\/v2\/pages"}],"about":[{"href":"https:\/\/www.f-sim.de\/index.php?rest_route=\/wp\/v2\/types\/page"}],"author":[{"embeddable":true,"href":"https:\/\/www.f-sim.de\/index.php?rest_route=\/wp\/v2\/users\/2"}],"replies":[{"embeddable":true,"href":"https:\/\/www.f-sim.de\/index.php?rest_route=%2Fwp%2Fv2%2Fcomments&post=2"}],"version-history":[{"count":65,"href":"https:\/\/www.f-sim.de\/index.php?rest_route=\/wp\/v2\/pages\/2\/revisions"}],"predecessor-version":[{"id":7945,"href":"https:\/\/www.f-sim.de\/index.php?rest_route=\/wp\/v2\/pages\/2\/revisions\/7945"}],"wp:attachment":[{"href":"https:\/\/www.f-sim.de\/index.php?rest_route=%2Fwp%2Fv2%2Fmedia&parent=2"}],"curies":[{"name":"wp","href":"https:\/\/api.w.org\/{rel}","templated":true}]}}