{"id":5,"date":"2009-09-07T20:56:57","date_gmt":"2009-09-07T18:56:57","guid":{"rendered":"http:\/\/www.f-sim.de\/?page_id=5"},"modified":"2015-11-05T11:17:04","modified_gmt":"2015-11-05T10:17:04","slug":"info","status":"publish","type":"page","link":"https:\/\/www.f-sim.de\/?page_id=5","title":{"rendered":"Info"},"content":{"rendered":"<p><strong><br \/>\nWas ist F-Sim?<\/strong><\/p>\n<p>F-Sim ist keine Firma, kein Verein und nicht kommerziell orientiert. F-Sim versteht sich als Interessenplattform f\u00fcr das Gebiet Brand- und Evakuierungssimulation. Der Schwerpunkt liegt zur Zeit auf den Programmen Fire Dynamics Simulator, Smokeview, Evac und CFAST, kann sich aber in der Zukunft erweitern.<\/p>\n<p>\u00a0<\/p>\n<p><strong>Was ist Fire Dynamics Simulator?<\/strong><\/p>\n<p>Fire Dynamics Simulator (FDS) ist eines der international wohl am meisten verbreiteten Simulationsprogramme im Brandschutzingenieurwesen. FDS simuliert Br\u00e4nde und brandinduzierte Str\u00f6mungen auf Grundlage der Navier-Stokes-Gleichungen. Dabei ist die Simulation der\u00a0Str\u00f6mung nur ein Teil des vollst\u00e4ndigen Funktionsumfanges. Betrachtet werden des Weiteren physikalische Effekte wie W\u00e4rmestrahlung, Temperatur\u00fcbergang auf Bauteile oder der chemische Verbrennungsprozess. Im deutschsprachigen Raum sind Programme zur Simulation von Str\u00f6mungen als &#8218;Feldmodell&#8216; bekannt, international als CFD-Code (Computational Fluid Dynamics).<\/p>\n<p>\u00a0<\/p>\n<p><strong>Was ist FDS+Evac?<\/strong><\/p>\n<p>FDS+Evac ist ein Programm zur Simulation von Evakuierungsprozessen. Dazu simuliert Evac die Bewegung\u00a0einzelner Personen und interagiert eng mit den Ergebnissen von FDS.<\/p>\n<p>\u00a0<\/p>\n<p><strong>Was ist Smokeview?<\/strong><\/p>\n<p>Smokeview (SMV) ist sowohl Teil des FDS- als auch CFAST-Programmpaketes. Smokeview visualisiert die durch FDS und CFAST berechneten Simulationsszenarien und bietet die M\u00f6glichkeit einer detaillierten grafischen Auswertung. Die leistungsstarken Funktionen zur grafischen Darstellung der verschiedenen Analysefunktionen erlauben sowohl eine zwei- wie auch eine dreidimensionale Auswertung der betrachteten Gr\u00f6\u00dfen. Die Auswertung kann sowohl animiert als auch statisch erfolgen.<\/p>\n<p>\u00a0<\/p>\n<p><strong>Was ist CFAST?<\/strong><\/p>\n<p>CFAST ist ein leistungsstarkes Zonenmodell zur Simulation von Br\u00e4nden. Die Abk\u00fcrzung CFAST steht f\u00fcr &#8218;Consolidated Model of Fire Growth and Smoke Transport&#8216;. Zonenmodelle erlauben aufgrund des angewandten Modellansatzes eine schnelle Analyse der Auswirkung eines simulierten Brandszenarios und k\u00f6nnen aufgrund ihrer hohen Geschwindigkeit sehr gut zu Parameterstudien angewandt werden. CFAST ist, im Gegensatz zu einigen anderen\u00a0Zonenmodellen, ein Mehrraummodell und erm\u00f6glicht so die Simulation umfangreicher Raumkomplexe.<\/p>\n<p>\u00a0<\/p>\n<p><strong>Wer entwickelt FDS und Smokeview?<\/strong><\/p>\n<p>FDS, SMV und CFAST werden in wesentlichen Teilen am amerikanischen National Institute of Standards and Technology entwickelt. Einzelne Programmfunktionen werden immer wieder von Einzelpersonen oder anderen internationalen Institutionen wie etwa dem VTT Building and Transport beigesteuert. Erm\u00f6glicht wird diese Kooperation rein technisch durch den freien und offenen Umgang mit dem Programm und seinen Quelltexten. Eine wesentliche Grundlage der weiten Verbreitung des Programmpaketes ist allerdings auch die gute Kommunikation seitens der Entwickler und der weltweiten Benutzergemeinde.<\/p>\n<p>\u00a0<\/p>\n<p><strong>Warum sind Fire Dynamics Simulator, Smokeview und CFAST kostenlos?<\/strong><\/p>\n<p>Als \u00f6ffentlich staatliche Einrichtung finanziert sich\u00a0das amerikanische NIST in wesentlichen Teilen aus Steuergeldern und stellt die entwickelten Programme kostenlos der Allgemeinheit zur Verf\u00fcgung. Obwohl kostenlos, k\u00f6nnen die genannten Programme in ihrem jeweiligen Spezialgebiet funktional mit gro\u00dfen kommerziellen Programmen konkurrieren.<\/p>\n<p>\u00a0<\/p>\n<p><strong>Wo kann ich die genannten Programme beziehen?<\/strong><\/p>\n<p>Die genannten Programme werden von <a href=\"http:\/\/fire.nist.gov\/fds\/\" target=\"_blank\">NIST<\/a> kostenlosen zum Download zur Verf\u00fcgung gestellt.<\/p>\n","protected":false},"excerpt":{"rendered":"<p>Was ist F-Sim? F-Sim ist keine Firma, kein Verein und nicht kommerziell orientiert. F-Sim versteht sich als Interessenplattform f\u00fcr das Gebiet Brand- und Evakuierungssimulation. Der Schwerpunkt liegt zur Zeit auf den Programmen Fire Dynamics Simulator,<\/p>\n","protected":false},"author":4,"featured_media":0,"parent":0,"menu_order":1,"comment_status":"closed","ping_status":"closed","template":"","meta":{"footnotes":""},"class_list":["post-5","page","type-page","status-publish","hentry"],"_links":{"self":[{"href":"https:\/\/www.f-sim.de\/index.php?rest_route=\/wp\/v2\/pages\/5","targetHints":{"allow":["GET"]}}],"collection":[{"href":"https:\/\/www.f-sim.de\/index.php?rest_route=\/wp\/v2\/pages"}],"about":[{"href":"https:\/\/www.f-sim.de\/index.php?rest_route=\/wp\/v2\/types\/page"}],"author":[{"embeddable":true,"href":"https:\/\/www.f-sim.de\/index.php?rest_route=\/wp\/v2\/users\/4"}],"replies":[{"embeddable":true,"href":"https:\/\/www.f-sim.de\/index.php?rest_route=%2Fwp%2Fv2%2Fcomments&post=5"}],"version-history":[{"count":11,"href":"https:\/\/www.f-sim.de\/index.php?rest_route=\/wp\/v2\/pages\/5\/revisions"}],"predecessor-version":[{"id":5879,"href":"https:\/\/www.f-sim.de\/index.php?rest_route=\/wp\/v2\/pages\/5\/revisions\/5879"}],"wp:attachment":[{"href":"https:\/\/www.f-sim.de\/index.php?rest_route=%2Fwp%2Fv2%2Fmedia&parent=5"}],"curies":[{"name":"wp","href":"https:\/\/api.w.org\/{rel}","templated":true}]}}