{"id":5617,"date":"2015-11-14T19:41:52","date_gmt":"2015-11-14T18:41:52","guid":{"rendered":"http:\/\/www.f-sim.de\/?page_id=5617"},"modified":"2021-09-03T14:51:08","modified_gmt":"2021-09-03T12:51:08","slug":"software","status":"publish","type":"page","link":"https:\/\/www.f-sim.de\/?page_id=5617","title":{"rendered":"Software"},"content":{"rendered":"<p><strong>Hinweis<\/strong><\/p>\n<p>S\u00e4mtliche auf dieser Seite aufgelistete Software des Filehosting-Dienst <a href=\"http:\/\/www.github.com\" target=\"_blank\" rel=\"noopener\">GitHub<\/a> stammt nicht von uns selbst, sondern von Dritten (Hersteller der Software). Das Herunterladen und die Installation der Software erfolgt auf eigene Gefahr. Wir \u00fcbernehmen keine Gew\u00e4hrleistung oder Haftung f\u00fcr die aus der Leistung dritter Anbieter mittelbar oder unmittelbar resultierenden Sch\u00e4den. Es liegt in der alleinigen Verantwortung des jeweiligen Nutzers, die Lizenzvereinbarungen und andere gesetzliche Bestimmungen zum Gebrauch der verlinkten Open Source Software einzuhalten.<\/p>\n<h2 class=\"release-downloads-header\">FDS-6.10.1_SMV-6.10.1<\/h2><ul class=\"release-downloads\"><li><a href=\"https:\/\/github.com\/firemodels\/fds\/releases\/download\/FDS-6.10.1\/FDS-6.10.1_SMV-6.10.1_lnx.sh\" rel=\"nofollow\"><strong class=\"release-name\">FDS-6.10.1_SMV-6.10.1_lnx.sh<\/strong> <small class=\"release-size\">215.27 MB<\/small> <small class=\"release-download-count\">1.356 downloads<\/small><\/a><\/li><li><a href=\"https:\/\/github.com\/firemodels\/fds\/releases\/download\/FDS-6.10.1\/FDS-6.10.1_SMV-6.10.1_osx.sh\" rel=\"nofollow\"><strong class=\"release-name\">FDS-6.10.1_SMV-6.10.1_osx.sh<\/strong> <small class=\"release-size\">211.49 MB<\/small> <small class=\"release-download-count\">877 downloads<\/small><\/a><\/li><li><a href=\"https:\/\/github.com\/firemodels\/fds\/releases\/download\/FDS-6.10.1\/FDS-6.10.1_SMV-6.10.1_win.exe\" rel=\"nofollow\"><strong class=\"release-name\">FDS-6.10.1_SMV-6.10.1_win.exe<\/strong> <small class=\"release-size\">202.03 MB<\/small> <small class=\"release-download-count\">10.881 downloads<\/small><\/a><\/li><li><a href=\"https:\/\/github.com\/firemodels\/fds\/releases\/download\/FDS-6.10.1\/FDS_Config_Management_Plan.pdf\" rel=\"nofollow\"><strong class=\"release-name\">FDS_Config_Management_Plan.pdf<\/strong> <small class=\"release-size\">273.1 KB<\/small> <small class=\"release-download-count\">775 downloads<\/small><\/a><\/li><li><a href=\"https:\/\/github.com\/firemodels\/fds\/releases\/download\/FDS-6.10.1\/FDS_Technical_Reference_Guide.pdf\" rel=\"nofollow\"><strong class=\"release-name\">FDS_Technical_Reference_Guide.pdf<\/strong> <small class=\"release-size\">1.38 MB<\/small> <small class=\"release-download-count\">3.432 downloads<\/small><\/a><\/li><li><a href=\"https:\/\/github.com\/firemodels\/fds\/releases\/download\/FDS-6.10.1\/FDS_User_Guide.pdf\" rel=\"nofollow\"><strong class=\"release-name\">FDS_User_Guide.pdf<\/strong> <small class=\"release-size\">11.05 MB<\/small> <small class=\"release-download-count\">9.345 downloads<\/small><\/a><\/li><li><a href=\"https:\/\/github.com\/firemodels\/fds\/releases\/download\/FDS-6.10.1\/FDS_Validation_Guide.pdf\" rel=\"nofollow\"><strong class=\"release-name\">FDS_Validation_Guide.pdf<\/strong> <small class=\"release-size\">69.71 MB<\/small> <small class=\"release-download-count\">2.062 downloads<\/small><\/a><\/li><li><a href=\"https:\/\/github.com\/firemodels\/fds\/releases\/download\/FDS-6.10.1\/FDS_Verification_Guide.pdf\" rel=\"nofollow\"><strong class=\"release-name\">FDS_Verification_Guide.pdf<\/strong> <small class=\"release-size\">12.84 MB<\/small> <small class=\"release-download-count\">1.495 downloads<\/small><\/a><\/li><li><a href=\"https:\/\/github.com\/firemodels\/fds\/releases\/download\/FDS-6.10.1\/SMV_Technical_Reference_Guide.pdf\" rel=\"nofollow\"><strong class=\"release-name\">SMV_Technical_Reference_Guide.pdf<\/strong> <small class=\"release-size\">3.93 MB<\/small> <small class=\"release-download-count\">638 downloads<\/small><\/a><\/li><li><a href=\"https:\/\/github.com\/firemodels\/fds\/releases\/download\/FDS-6.10.1\/SMV_User_Guide.pdf\" rel=\"nofollow\"><strong class=\"release-name\">SMV_User_Guide.pdf<\/strong> <small class=\"release-size\">7.47 MB<\/small> <small class=\"release-download-count\">1.363 downloads<\/small><\/a><\/li><li><a href=\"https:\/\/github.com\/firemodels\/fds\/releases\/download\/FDS-6.10.1\/SMV_Verification_Guide.pdf\" rel=\"nofollow\"><strong class=\"release-name\">SMV_Verification_Guide.pdf<\/strong> <small class=\"release-size\">5.6 MB<\/small> <small class=\"release-download-count\">475 downloads<\/small><\/a><\/li><li><a href=\"https:\/\/github.com\/firemodels\/fds\/archive\/FDS-6.10.1.zip\" rel=\"nofollow\"><strong class=\"release-source\">Source code<\/strong><\/a><\/li><\/ul>\n<h2 class=\"release-downloads-header\">SMV-6.10.7-0-gd6486bcfb-releas<\/h2><ul class=\"release-downloads\"><li><a href=\"https:\/\/github.com\/firemodels\/smv\/releases\/download\/SMV-6.10.7\/SMV-6.10.7_lnx.sh\" rel=\"nofollow\"><strong class=\"release-name\">SMV-6.10.7_lnx.sh<\/strong> <small class=\"release-size\">4.25 MB<\/small> <small class=\"release-download-count\">11 downloads<\/small><\/a><\/li><li><a href=\"https:\/\/github.com\/firemodels\/smv\/releases\/download\/SMV-6.10.7\/SMV-6.10.7_lnx_manifest.html\" rel=\"nofollow\"><strong class=\"release-name\">SMV-6.10.7_lnx_manifest.html<\/strong> <small class=\"release-size\">5.05 KB<\/small> <small class=\"release-download-count\">1 download<\/small><\/a><\/li><li><a href=\"https:\/\/github.com\/firemodels\/smv\/releases\/download\/SMV-6.10.7\/SMV-6.10.7_osx_intel.sh\" rel=\"nofollow\"><strong class=\"release-name\">SMV-6.10.7_osx_intel.sh<\/strong> <small class=\"release-size\">3.28 MB<\/small> <small class=\"release-download-count\">7 downloads<\/small><\/a><\/li><li><a href=\"https:\/\/github.com\/firemodels\/smv\/releases\/download\/SMV-6.10.7\/SMV-6.10.7_osx_intel_manifest.html\" rel=\"nofollow\"><strong class=\"release-name\">SMV-6.10.7_osx_intel_manifest.html<\/strong> <small class=\"release-size\">5.06 KB<\/small> <small class=\"release-download-count\">1 download<\/small><\/a><\/li><li><a href=\"https:\/\/github.com\/firemodels\/smv\/releases\/download\/SMV-6.10.7\/SMV-6.10.7_win.exe\" rel=\"nofollow\"><strong class=\"release-name\">SMV-6.10.7_win.exe<\/strong> <small class=\"release-size\">5.03 MB<\/small> <small class=\"release-download-count\">12 downloads<\/small><\/a><\/li><li><a href=\"https:\/\/github.com\/firemodels\/smv\/releases\/download\/SMV-6.10.7\/SMV-6.10.7_win_manifest.html\" rel=\"nofollow\"><strong class=\"release-name\">SMV-6.10.7_win_manifest.html<\/strong> <small class=\"release-size\">5.12 KB<\/small> <small class=\"release-download-count\">1 download<\/small><\/a><\/li><li><a href=\"https:\/\/github.com\/firemodels\/smv\/archive\/SMV-6.10.7.zip\" rel=\"nofollow\"><strong class=\"release-source\">Source code<\/strong><\/a><\/li><\/ul>\n<h2 class=\"release-downloads-header\">CFAST 7.7.5 \/ Smokeview 6.10.1<\/h2><ul class=\"release-downloads\"><li><a href=\"https:\/\/github.com\/firemodels\/cfast\/releases\/download\/CFAST-7.7.5\/CFAST-7.7.5_SMV-6.10.1.exe\" rel=\"nofollow\"><strong class=\"release-name\">CFAST-7.7.5_SMV-6.10.1.exe<\/strong> <small class=\"release-size\">117.34 MB<\/small> <small class=\"release-download-count\">6.114 downloads<\/small><\/a><\/li><li><a href=\"https:\/\/github.com\/firemodels\/cfast\/releases\/download\/CFAST-7.7.5\/CFAST_CData_Guide.pdf\" rel=\"nofollow\"><strong class=\"release-name\">CFAST_CData_Guide.pdf<\/strong> <small class=\"release-size\">7.06 MB<\/small> <small class=\"release-download-count\">788 downloads<\/small><\/a><\/li><li><a href=\"https:\/\/github.com\/firemodels\/cfast\/releases\/download\/CFAST-7.7.5\/CFAST_Configuration_Guide.pdf\" rel=\"nofollow\"><strong class=\"release-name\">CFAST_Configuration_Guide.pdf<\/strong> <small class=\"release-size\">207.84 KB<\/small> <small class=\"release-download-count\">563 downloads<\/small><\/a><\/li><li><a href=\"https:\/\/github.com\/firemodels\/cfast\/releases\/download\/CFAST-7.7.5\/CFAST_Tech_Ref.pdf\" rel=\"nofollow\"><strong class=\"release-name\">CFAST_Tech_Ref.pdf<\/strong> <small class=\"release-size\">436.74 KB<\/small> <small class=\"release-download-count\">1.187 downloads<\/small><\/a><\/li><li><a href=\"https:\/\/github.com\/firemodels\/cfast\/releases\/download\/CFAST-7.7.5\/CFAST_Users_Guide.pdf\" rel=\"nofollow\"><strong class=\"release-name\">CFAST_Users_Guide.pdf<\/strong> <small class=\"release-size\">1.14 MB<\/small> <small class=\"release-download-count\">2.465 downloads<\/small><\/a><\/li><li><a href=\"https:\/\/github.com\/firemodels\/cfast\/releases\/download\/CFAST-7.7.5\/CFAST_Validation_Guide.pdf\" rel=\"nofollow\"><strong class=\"release-name\">CFAST_Validation_Guide.pdf<\/strong> <small class=\"release-size\">91.45 MB<\/small> <small class=\"release-download-count\">884 downloads<\/small><\/a><\/li><li><a href=\"https:\/\/github.com\/firemodels\/cfast\/archive\/CFAST-7.7.5.zip\" rel=\"nofollow\"><strong class=\"release-source\">Source code<\/strong><\/a><\/li><\/ul>\n","protected":false},"excerpt":{"rendered":"<p>Hinweis S\u00e4mtliche auf dieser Seite aufgelistete Software des Filehosting-Dienst GitHub stammt nicht von uns selbst, sondern von Dritten (Hersteller der Software). Das Herunterladen und die Installation der Software erfolgt auf eigene Gefahr. Wir \u00fcbernehmen keine<\/p>\n","protected":false},"author":2,"featured_media":0,"parent":0,"menu_order":5,"comment_status":"closed","ping_status":"closed","template":"","meta":{"footnotes":""},"class_list":["post-5617","page","type-page","status-publish","hentry"],"_links":{"self":[{"href":"https:\/\/www.f-sim.de\/index.php?rest_route=\/wp\/v2\/pages\/5617","targetHints":{"allow":["GET"]}}],"collection":[{"href":"https:\/\/www.f-sim.de\/index.php?rest_route=\/wp\/v2\/pages"}],"about":[{"href":"https:\/\/www.f-sim.de\/index.php?rest_route=\/wp\/v2\/types\/page"}],"author":[{"embeddable":true,"href":"https:\/\/www.f-sim.de\/index.php?rest_route=\/wp\/v2\/users\/2"}],"replies":[{"embeddable":true,"href":"https:\/\/www.f-sim.de\/index.php?rest_route=%2Fwp%2Fv2%2Fcomments&post=5617"}],"version-history":[{"count":53,"href":"https:\/\/www.f-sim.de\/index.php?rest_route=\/wp\/v2\/pages\/5617\/revisions"}],"predecessor-version":[{"id":7395,"href":"https:\/\/www.f-sim.de\/index.php?rest_route=\/wp\/v2\/pages\/5617\/revisions\/7395"}],"wp:attachment":[{"href":"https:\/\/www.f-sim.de\/index.php?rest_route=%2Fwp%2Fv2%2Fmedia&parent=5617"}],"curies":[{"name":"wp","href":"https:\/\/api.w.org\/{rel}","templated":true}]}}